{"id":792,"date":"2016-11-25T09:45:53","date_gmt":"2016-11-25T09:45:53","guid":{"rendered":"http:\/\/mindmaze.si\/?page_id=792"},"modified":"2022-12-11T18:17:54","modified_gmt":"2022-12-11T18:17:54","slug":"rezervacije","status":"publish","type":"page","link":"https:\/\/mindmaze.si\/en\/rezervacije\/","title":{"rendered":"Rezervacije"},"content":{"rendered":"\r\n<div class=\"wp-block-group\">\r\n<div class=\"wp-block-group__inner-container is-layout-flow wp-block-group-is-layout-flow\">\r\n<h3 class=\"has-text-align-center wp-block-heading\">Ste \u017eeleli rezervirati termin pa je \u017ee zaseden? Vam ne ustreza noben drug ? Pokli\u010dite nas na 041 991 771 in prepri\u010dani smo, da bomo na\u0161li re\u0161itev :)<\/h3>\r\n<\/div>\r\n<\/div>\r\n\r\n\r\n\r\n<div id='av_section_1'  class='avia-section av-nlf4k-d36a26f520e0f7d5dc18cf3964e7a758 main_color avia-section-default avia-no-shadow  avia-builder-el-0  avia-builder-el-no-sibling  avia-bg-style-scroll container_wrap fullsize'  ><div class='container av-section-cont-open' ><main  role=\"main\" itemprop=\"mainContentOfPage\"  class='template-page content  av-content-full alpha units'><div class='post-entry post-entry-type-page post-entry-792'><div class='entry-content-wrapper clearfix'> \n<style type=\"text\/css\" data-created_by=\"avia_inline_auto\" id=\"style-css-av-hcfl8-afe98dd95427dcbbf8c4b769e6f47bd9\">\n.flex_column.av-hcfl8-afe98dd95427dcbbf8c4b769e6f47bd9{\n-webkit-border-radius:0px 0px 0px 0px;\n-moz-border-radius:0px 0px 0px 0px;\nborder-radius:0px 0px 0px 0px;\n}\n<\/style>\n<div class='flex_column av-hcfl8-afe98dd95427dcbbf8c4b769e6f47bd9 av_one_full  avia-builder-el-1  avia-builder-el-no-sibling  first flex_column_div av-zero-column-padding '     ><section  class='av_textblock_section av-6tzd0-a6fb886ebe87a8eaf8ecf0ec97084eba'  itemscope=\"itemscope\" itemtype=\"https:\/\/schema.org\/CreativeWork\" ><div class='avia_textblock'  itemprop=\"text\" ><p><script src=\"\/\/simplybook.it\/v2\/widget\/widget.js\"><\/script> <script src=\"\/\/simplybook.it\/v2\/widget\/widget.js\"><\/script> <script>var widget = new SimplybookWidget({\"widget_type\":\"iframe\",\"url\":\"https:\\\/\\\/mindmazeljubljana.simplybook.it\",\"theme\":\"default\",\"theme_settings\":{\"timeline_show_end_time\":\"0\",\"timeline_modern_display\":\"as_slots\",\"sb_base_color\":\"#33bb60\",\"display_item_mode\":\"block\",\"booking_nav_bg_color\":\"#d1e9c6\",\"body_bg_color\":\"#f7f7f7\",\"dark_font_color\":\"#494949\",\"light_font_color\":\"#ffffff\",\"btn_color_1\":\"#5e7da7\",\"sb_company_label_color\":\"#ffffff\",\"hide_img_mode\":\"0\",\"show_sidebar\":\"1\",\"sb_busy\":\"#dad2ce\",\"sb_available\":\"#d3e0f1\"},\"timeline\":\"modern\",\"datepicker\":\"top_calendar\",\"is_rtl\":false,\"app_config\":{\"predefined\":[]}});<\/script><\/p>\n<\/div><\/section><\/div>\r\n","protected":false},"excerpt":{"rendered":"<p>Ste \u017eeleli rezervirati termin pa je \u017ee zaseden? Vam ne ustreza noben drug ? Pokli\u010dite nas na 041 991 771 in prepri\u010dani smo, da bomo na\u0161li re\u0161itev :)<\/p>\n","protected":false},"author":9,"featured_media":0,"parent":0,"menu_order":0,"comment_status":"closed","ping_status":"closed","template":"","meta":{"om_disable_all_campaigns":false,"footnotes":""},"class_list":["post-792","page","type-page","status-publish","hentry"],"aioseo_notices":[],"_links":{"self":[{"href":"https:\/\/mindmaze.si\/en\/wp-json\/wp\/v2\/pages\/792","targetHints":{"allow":["GET"]}}],"collection":[{"href":"https:\/\/mindmaze.si\/en\/wp-json\/wp\/v2\/pages"}],"about":[{"href":"https:\/\/mindmaze.si\/en\/wp-json\/wp\/v2\/types\/page"}],"author":[{"embeddable":true,"href":"https:\/\/mindmaze.si\/en\/wp-json\/wp\/v2\/users\/9"}],"replies":[{"embeddable":true,"href":"https:\/\/mindmaze.si\/en\/wp-json\/wp\/v2\/comments?post=792"}],"version-history":[{"count":14,"href":"https:\/\/mindmaze.si\/en\/wp-json\/wp\/v2\/pages\/792\/revisions"}],"predecessor-version":[{"id":8358,"href":"https:\/\/mindmaze.si\/en\/wp-json\/wp\/v2\/pages\/792\/revisions\/8358"}],"wp:attachment":[{"href":"https:\/\/mindmaze.si\/en\/wp-json\/wp\/v2\/media?parent=792"}],"curies":[{"name":"wp","href":"https:\/\/api.w.org\/{rel}","templated":true}]}}